{"id":193,"date":"2022-03-02T10:26:29","date_gmt":"2022-03-02T09:26:29","guid":{"rendered":"https:\/\/locbtob.com\/?page_id=193"},"modified":"2022-03-02T10:58:39","modified_gmt":"2022-03-02T09:58:39","slug":"tsc-pace-detection-de-fissures","status":"publish","type":"page","link":"https:\/\/locbtob.com\/index.php\/tsc-pace-detection-de-fissures\/","title":{"rendered":"TSC PACE &#8211; D\u00e9tection de fissures"},"content":{"rendered":"\n<h2 class=\"has-text-align-center wp-block-heading\"><em><strong>TSC PACE &#8211; D\u00e9tection de fissures portable par ACFM <\/strong><\/em><\/h2>\n\n\n\n<pre id=\"tw-target-text\" class=\"wp-block-preformatted has-small-font-size\">Parfait pour la mesure de champ de courant alternatif (ACFM) , voici un outil universel et facile \u00e0 utiliser pour la m\u00e9thode d'inspection de surface, con\u00e7u pour r\u00e9pondre aux besoins et aux performances d'un seul op\u00e9rateur dans les secteurs du p\u00e9trole et du gaz, de la production d'\u00e9lectricit\u00e9, de l'inspection structurelle de l'acc\u00e8s par corde.<\/pre>\n\n\n\n<div class=\"wp-block-image is-style-rounded\"><figure class=\"aligncenter size-large is-resized\"><img loading=\"lazy\" decoding=\"async\" src=\"https:\/\/locbtob.com\/wp-content\/uploads\/2022\/03\/TSC-PACE-ACFM-crack-detection-01-1-1-1024x531.jpg\" alt=\"\" class=\"wp-image-195\" width=\"804\" height=\"416\" srcset=\"https:\/\/locbtob.com\/wp-content\/uploads\/2022\/03\/TSC-PACE-ACFM-crack-detection-01-1-1-1024x531.jpg 1024w, https:\/\/locbtob.com\/wp-content\/uploads\/2022\/03\/TSC-PACE-ACFM-crack-detection-01-1-1-300x155.jpg 300w, https:\/\/locbtob.com\/wp-content\/uploads\/2022\/03\/TSC-PACE-ACFM-crack-detection-01-1-1-768x398.jpg 768w, https:\/\/locbtob.com\/wp-content\/uploads\/2022\/03\/TSC-PACE-ACFM-crack-detection-01-1-1-1536x796.jpg 1536w, https:\/\/locbtob.com\/wp-content\/uploads\/2022\/03\/TSC-PACE-ACFM-crack-detection-01-1-1-2048x1062.jpg 2048w\" sizes=\"auto, (max-width: 804px) 100vw, 804px\" \/><\/figure><\/div>\n\n\n\n<p class=\"has-text-align-center\">TSC PACE &#8211; Portable, Reliable Crack Detection with ACFM<\/p>\n\n\n\n<h2 class=\"wp-block-heading\">  <\/h2>\n\n\n\n<figure class=\"wp-block-table\"><table><tbody><tr><td>Caract\u00e9ristiques du TSC PACE<\/td><td>Applications cl\u00e9s<\/td><\/tr><tr><td>* D\u00e9tection de fissures fiable et reproductible par l&rsquo;ACFM.<br>* Dimensionnement, longueur et profondeur pr\u00e9cis des d\u00e9fauts.<br>* Par l&rsquo;inspection du rev\u00eatement.<br>* Aucun nettoyage requis.<br>* Aucun \u00e9talonnage in situ n\u00e9cessaire.<br>* Batterie longue dur\u00e9e (8+ heures).<br>* Grand \u00e9cran LCD tremp\u00e9 haute luminosit\u00e9.<br>* Chargeur de bureau et de voiture.<br>* Cam\u00e9ra int\u00e9gr\u00e9e.<br>* La conception de l&rsquo;interface permet une utilisation<br> d&rsquo;une seule main pendant inspection (gauche ou droite).<\/td><td> * Op\u00e9ration par une seule personne.<br>* Inspections d&rsquo;acc\u00e8s sur corde.<br>* Inspection des soudures.<br>* Structures peintes et rev\u00eatues.<br>* Grues et tours.<br>* Tuyauterie et cuves de raffinerie. <br>* Ponts &amp; Infrastructures.<br>* Int\u00e9grit\u00e9 des wagons ferroviaires.<br>* Dents d&rsquo;engrenage minier.<br>* Offshore\/Onshore Structures.<\/td><\/tr><\/tbody><\/table><\/figure>\n\n\n\n<div class=\"wp-block-image\"><figure class=\"aligncenter size-large\"><img loading=\"lazy\" decoding=\"async\" width=\"1024\" height=\"642\" src=\"https:\/\/locbtob.com\/wp-content\/uploads\/2022\/03\/TSC-PACE-ACFM-crack-detection-01-3-1024x642.png\" alt=\"\" class=\"wp-image-197\" srcset=\"https:\/\/locbtob.com\/wp-content\/uploads\/2022\/03\/TSC-PACE-ACFM-crack-detection-01-3-1024x642.png 1024w, https:\/\/locbtob.com\/wp-content\/uploads\/2022\/03\/TSC-PACE-ACFM-crack-detection-01-3-300x188.png 300w, https:\/\/locbtob.com\/wp-content\/uploads\/2022\/03\/TSC-PACE-ACFM-crack-detection-01-3-768x482.png 768w, https:\/\/locbtob.com\/wp-content\/uploads\/2022\/03\/TSC-PACE-ACFM-crack-detection-01-3-1536x963.png 1536w, https:\/\/locbtob.com\/wp-content\/uploads\/2022\/03\/TSC-PACE-ACFM-crack-detection-01-3-2048x1285.png 2048w\" sizes=\"auto, (max-width: 1024px) 100vw, 1024px\" \/><\/figure><\/div>\n\n\n\n<figure class=\"wp-block-video\"><video height=\"360\" style=\"aspect-ratio: 640 \/ 360;\" width=\"640\" controls poster=\"https:\/\/locbtob.com\/wp-content\/uploads\/2022\/03\/IMG_1112.jpg\" src=\"https:\/\/locbtob.com\/wp-content\/uploads\/2022\/03\/TSC-ACFM-Crack-Detection-and-Sizing-Solution.mp4\"><\/video><\/figure>\n\n\n\n<div class=\"wp-block-buttons is-content-justification-center is-layout-flex wp-container-core-buttons-is-layout-16018d1d wp-block-buttons-is-layout-flex\">\n<div class=\"wp-block-button\"><a class=\"wp-block-button__link\" href=\"https:\/\/locbtob.com\/wp-content\/uploads\/2022\/03\/TSC-PACE-ACFM-crack-detection-01.pdf\">T\u00e9l\u00e9chargement documentation (Anglais)<\/a><\/div>\n<\/div>\n\n\n\n<hr class=\"wp-block-separator\"\/>\n\n\n\n<div class=\"wp-block-buttons is-layout-flex wp-block-buttons-is-layout-flex\">\n<div class=\"wp-block-button aligncenter\"><a class=\"wp-block-button__link has-luminous-vivid-orange-background-color has-background\" href=\"https:\/\/locbtob.com\/index.php\/formulaire-de-contact\/\">&#8212;-Louez-moi&#8212;-<\/a><\/div>\n<\/div>\n\n\n\n<p><\/p>\n","protected":false},"excerpt":{"rendered":"<p>TSC PACE &#8211; D\u00e9tection de fissures portable par ACFM Parfait pour la mesure de champ de courant alternatif (ACFM) , voici un outil universel et facile \u00e0 utiliser pour la m\u00e9thode d&rsquo;inspection de surface, con\u00e7u pour r\u00e9pondre aux besoins et aux performances d&rsquo;un seul op\u00e9rateur dans les secteurs du p\u00e9trole et du gaz, de la &hellip; <\/p>\n<p class=\"link-more\"><a href=\"https:\/\/locbtob.com\/index.php\/tsc-pace-detection-de-fissures\/\" class=\"more-link\">Continuer la lecture <span class=\"screen-reader-text\"> \u00ab\u00a0TSC PACE &#8211; D\u00e9tection de fissures\u00a0\u00bb<\/span><\/a><\/p>\n","protected":false},"author":2,"featured_media":194,"parent":0,"menu_order":0,"comment_status":"closed","ping_status":"closed","template":"","meta":{"footnotes":""},"class_list":["post-193","page","type-page","status-publish","has-post-thumbnail","hentry","entry"],"_links":{"self":[{"href":"https:\/\/locbtob.com\/index.php\/wp-json\/wp\/v2\/pages\/193","targetHints":{"allow":["GET"]}}],"collection":[{"href":"https:\/\/locbtob.com\/index.php\/wp-json\/wp\/v2\/pages"}],"about":[{"href":"https:\/\/locbtob.com\/index.php\/wp-json\/wp\/v2\/types\/page"}],"author":[{"embeddable":true,"href":"https:\/\/locbtob.com\/index.php\/wp-json\/wp\/v2\/users\/2"}],"replies":[{"embeddable":true,"href":"https:\/\/locbtob.com\/index.php\/wp-json\/wp\/v2\/comments?post=193"}],"version-history":[{"count":22,"href":"https:\/\/locbtob.com\/index.php\/wp-json\/wp\/v2\/pages\/193\/revisions"}],"predecessor-version":[{"id":237,"href":"https:\/\/locbtob.com\/index.php\/wp-json\/wp\/v2\/pages\/193\/revisions\/237"}],"wp:featuredmedia":[{"embeddable":true,"href":"https:\/\/locbtob.com\/index.php\/wp-json\/wp\/v2\/media\/194"}],"wp:attachment":[{"href":"https:\/\/locbtob.com\/index.php\/wp-json\/wp\/v2\/media?parent=193"}],"curies":[{"name":"wp","href":"https:\/\/api.w.org\/{rel}","templated":true}]}}