{"id":239,"date":"2022-03-02T11:06:21","date_gmt":"2022-03-02T10:06:21","guid":{"rendered":"https:\/\/locbtob.com\/?page_id=239"},"modified":"2022-03-02T11:31:01","modified_gmt":"2022-03-02T10:31:01","slug":"elcometer-detection-des-piqures-et-porosites","status":"publish","type":"page","link":"https:\/\/locbtob.com\/index.php\/elcometer-detection-des-piqures-et-porosites\/","title":{"rendered":"Elcometer 280 &#8211; D\u00e9tection des piq\u00fbres et porosit\u00e9s"},"content":{"rendered":"\n<pre id=\"tw-target-text\" class=\"wp-block-preformatted has-small-font-size\">L\u2019Elcometer 280 est un d\u00e9tecteur de porosit\u00e9 de forme allong\u00e9e, con\u00e7u pour faciliter, s\u00e9curiser et fiabiliser la d\u00e9tection de porosit\u00e9s par impulsions haute tension DC. L\u2019Elcometer 280 utilise des composants \u00e9lectroniques dernier cri permettant \u00e0 l\u2019utilisateur d\u2019inspecter des rev\u00eatements sans connecter le c\u00e2ble de terre au substrat - id\u00e9al pour le contr\u00f4le de surfaces \u00e9tendues et de pipelines.<\/pre>\n\n\n\n<div class=\"wp-block-image is-style-default\"><figure class=\"aligncenter size-full is-resized\"><img loading=\"lazy\" decoding=\"async\" src=\"https:\/\/locbtob.com\/wp-content\/uploads\/2022\/03\/pinhole_po.jpg\" alt=\"\" class=\"wp-image-270\" width=\"578\" height=\"564\" srcset=\"https:\/\/locbtob.com\/wp-content\/uploads\/2022\/03\/pinhole_po.jpg 2312w, https:\/\/locbtob.com\/wp-content\/uploads\/2022\/03\/pinhole_po-300x293.jpg 300w, https:\/\/locbtob.com\/wp-content\/uploads\/2022\/03\/pinhole_po-1024x999.jpg 1024w, https:\/\/locbtob.com\/wp-content\/uploads\/2022\/03\/pinhole_po-768x749.jpg 768w, https:\/\/locbtob.com\/wp-content\/uploads\/2022\/03\/pinhole_po-1536x1499.jpg 1536w, https:\/\/locbtob.com\/wp-content\/uploads\/2022\/03\/pinhole_po-2048x1998.jpg 2048w\" sizes=\"auto, (max-width: 578px) 100vw, 578px\" \/><\/figure><\/div>\n\n\n\n<p class=\"has-text-align-center\"><sup>Elcometer 280 &#8211; D\u00e9tection des piq\u00fbres et porosit\u00e9s  <\/sup><\/p>\n\n\n\n<figure class=\"wp-block-table aligncenter\"><table><tbody><tr><td>Caract\u00e9ristiques Elcometer 280<\/td><\/tr><tr><td><strong><em>&#8211; Puissance<\/em><\/strong><br>L\u2019Elcometer 280 utilise la technique de la haute tension DC puls\u00e9e pour d\u00e9tecter les d\u00e9fauts dans les rev\u00eatements &#8211; qu\u2019ils soient humides, sales ou l\u00e9g\u00e8rement conducteurs.<br><strong><em>&#8211; S\u00fbr<\/em><\/strong><br>Qu\u2019il s\u2019agisse du double interrupteur de s\u00e9curit\u00e9, du voyant lumineux,des symboles \u00e0 l\u2019\u00e9cran signalant que la tension est en marche, ou des nervures de protection contre les \u00e9tincelles, l\u2019Elcometer 280 est la r\u00e9f\u00e9rence en mati\u00e8re de s\u00e9curit\u00e9 des mesures sous haute tension.<br><strong><em>&#8211; Facile \u00e0 utiliser<\/em><\/strong><br>\u00c9quilibr\u00e9, design ergonomique, fourni avec bandouli\u00e8re pour des utilisations longues dur\u00e9es en continu.<br><strong><em>&#8211; Versatile<\/em><\/strong><br>A l\u2019aide de la large gamme d\u2019accessoires de sondes, l\u2019utilisateur est \u00e0 m\u00eame de d\u00e9tecter les porosit\u00e9s\/d\u00e9fauts dans des rev\u00eatements dont l\u2019\u00e9paisseur peut atteindre 25mm (1\u2019\u2019).<br><strong><em>&#8211; Robuste<\/em><\/strong><br>Robuste, r\u00e9sistant aux chocs et \u00e0 l\u2019eau, chaque instrument est con\u00e7u pour \u00eatre utilis\u00e9 dans les environnements les plus rudes.<\/td><\/tr><\/tbody><\/table><\/figure>\n\n\n\n<figure class=\"wp-block-gallery aligncenter has-nested-images columns-3 is-cropped wp-block-gallery-1 is-layout-flex wp-block-gallery-is-layout-flex\">\n<figure class=\"wp-block-image size-full\"><img loading=\"lazy\" decoding=\"async\" width=\"680\" height=\"500\" data-id=\"251\" src=\"https:\/\/locbtob.com\/wp-content\/uploads\/2022\/03\/d280-s-holiday-detector.jpg\" alt=\"\" class=\"wp-image-251\" srcset=\"https:\/\/locbtob.com\/wp-content\/uploads\/2022\/03\/d280-s-holiday-detector.jpg 680w, https:\/\/locbtob.com\/wp-content\/uploads\/2022\/03\/d280-s-holiday-detector-300x221.jpg 300w\" sizes=\"auto, (max-width: 680px) 100vw, 680px\" \/><\/figure>\n\n\n\n<figure class=\"wp-block-image size-full\"><img loading=\"lazy\" decoding=\"async\" width=\"1500\" height=\"900\" data-id=\"254\" src=\"https:\/\/locbtob.com\/wp-content\/uploads\/2022\/03\/Elcometer-280-Powerful_1.jpg\" alt=\"\" class=\"wp-image-254\" srcset=\"https:\/\/locbtob.com\/wp-content\/uploads\/2022\/03\/Elcometer-280-Powerful_1.jpg 1500w, https:\/\/locbtob.com\/wp-content\/uploads\/2022\/03\/Elcometer-280-Powerful_1-300x180.jpg 300w, https:\/\/locbtob.com\/wp-content\/uploads\/2022\/03\/Elcometer-280-Powerful_1-1024x614.jpg 1024w, https:\/\/locbtob.com\/wp-content\/uploads\/2022\/03\/Elcometer-280-Powerful_1-768x461.jpg 768w\" sizes=\"auto, (max-width: 1500px) 100vw, 1500px\" \/><\/figure>\n\n\n\n<figure class=\"wp-block-image size-full\"><img loading=\"lazy\" decoding=\"async\" width=\"387\" height=\"252\" data-id=\"252\" src=\"https:\/\/locbtob.com\/wp-content\/uploads\/2022\/03\/Elcometer-280-Top-intro-1.jpg\" alt=\"\" class=\"wp-image-252\" srcset=\"https:\/\/locbtob.com\/wp-content\/uploads\/2022\/03\/Elcometer-280-Top-intro-1.jpg 387w, https:\/\/locbtob.com\/wp-content\/uploads\/2022\/03\/Elcometer-280-Top-intro-1-300x195.jpg 300w\" sizes=\"auto, (max-width: 387px) 100vw, 387px\" \/><\/figure>\n<\/figure>\n\n\n\n<div class=\"wp-block-image\"><figure class=\"aligncenter size-large\"><img loading=\"lazy\" decoding=\"async\" width=\"780\" height=\"1024\" src=\"https:\/\/locbtob.com\/wp-content\/uploads\/2022\/03\/pinhole_porosity-780x1024.png\" alt=\"\" class=\"wp-image-262\" srcset=\"https:\/\/locbtob.com\/wp-content\/uploads\/2022\/03\/pinhole_porosity-780x1024.png 780w, https:\/\/locbtob.com\/wp-content\/uploads\/2022\/03\/pinhole_porosity-229x300.png 229w, https:\/\/locbtob.com\/wp-content\/uploads\/2022\/03\/pinhole_porosity-768x1008.png 768w, https:\/\/locbtob.com\/wp-content\/uploads\/2022\/03\/pinhole_porosity-1170x1536.png 1170w, https:\/\/locbtob.com\/wp-content\/uploads\/2022\/03\/pinhole_porosity-1561x2048.png 1561w\" sizes=\"auto, (max-width: 780px) 100vw, 780px\" \/><\/figure><\/div>\n\n\n\n<figure class=\"wp-block-video aligncenter\"><video height=\"360\" style=\"aspect-ratio: 638 \/ 360;\" width=\"638\" controls src=\"https:\/\/locbtob.com\/wp-content\/uploads\/2022\/03\/Elcometer-Holiday-Detector-280.mp4\"><\/video><\/figure>\n\n\n\n<div class=\"wp-block-buttons is-content-justification-center is-layout-flex wp-container-core-buttons-is-layout-16018d1d wp-block-buttons-is-layout-flex\">\n<div class=\"wp-block-button\"><a class=\"wp-block-button__link\" href=\"https:\/\/locbtob.com\/wp-content\/uploads\/2022\/03\/pinhole_porosity-fr.pdf\">T\u00e9l\u00e9chargement documentation (Fran\u00e7ais)<\/a><\/div>\n<\/div>\n\n\n\n<hr class=\"wp-block-separator\"\/>\n\n\n\n<div class=\"wp-block-buttons is-layout-flex wp-block-buttons-is-layout-flex\">\n<div class=\"wp-block-button aligncenter\"><a class=\"wp-block-button__link has-luminous-vivid-orange-background-color has-background\" href=\"https:\/\/locbtob.com\/index.php\/formulaire-de-contact\/\">&#8212;-Louez-moi&#8212;-<\/a><\/div>\n<\/div>\n","protected":false},"excerpt":{"rendered":"<p>L\u2019Elcometer 280 est un d\u00e9tecteur de porosit\u00e9 de forme allong\u00e9e, con\u00e7u pour faciliter, s\u00e9curiser et fiabiliser la d\u00e9tection de porosit\u00e9s par impulsions haute tension DC. L\u2019Elcometer 280 utilise des composants \u00e9lectroniques dernier cri permettant \u00e0 l\u2019utilisateur d\u2019inspecter des rev\u00eatements sans connecter le c\u00e2ble de terre au substrat &#8211; id\u00e9al pour le contr\u00f4le de surfaces \u00e9tendues &hellip; <\/p>\n<p class=\"link-more\"><a href=\"https:\/\/locbtob.com\/index.php\/elcometer-detection-des-piqures-et-porosites\/\" class=\"more-link\">Continuer la lecture <span class=\"screen-reader-text\"> \u00ab\u00a0Elcometer 280 &#8211; D\u00e9tection des piq\u00fbres et porosit\u00e9s\u00a0\u00bb<\/span><\/a><\/p>\n","protected":false},"author":2,"featured_media":0,"parent":0,"menu_order":0,"comment_status":"closed","ping_status":"closed","template":"","meta":{"footnotes":""},"class_list":["post-239","page","type-page","status-publish","hentry","entry"],"_links":{"self":[{"href":"https:\/\/locbtob.com\/index.php\/wp-json\/wp\/v2\/pages\/239","targetHints":{"allow":["GET"]}}],"collection":[{"href":"https:\/\/locbtob.com\/index.php\/wp-json\/wp\/v2\/pages"}],"about":[{"href":"https:\/\/locbtob.com\/index.php\/wp-json\/wp\/v2\/types\/page"}],"author":[{"embeddable":true,"href":"https:\/\/locbtob.com\/index.php\/wp-json\/wp\/v2\/users\/2"}],"replies":[{"embeddable":true,"href":"https:\/\/locbtob.com\/index.php\/wp-json\/wp\/v2\/comments?post=239"}],"version-history":[{"count":16,"href":"https:\/\/locbtob.com\/index.php\/wp-json\/wp\/v2\/pages\/239\/revisions"}],"predecessor-version":[{"id":317,"href":"https:\/\/locbtob.com\/index.php\/wp-json\/wp\/v2\/pages\/239\/revisions\/317"}],"wp:attachment":[{"href":"https:\/\/locbtob.com\/index.php\/wp-json\/wp\/v2\/media?parent=239"}],"curies":[{"name":"wp","href":"https:\/\/api.w.org\/{rel}","templated":true}]}}