{"id":273,"date":"2022-03-02T11:32:46","date_gmt":"2022-03-02T10:32:46","guid":{"rendered":"https:\/\/locbtob.com\/?page_id=273"},"modified":"2022-03-02T18:48:14","modified_gmt":"2022-03-02T17:48:14","slug":"273-2","status":"publish","type":"page","link":"https:\/\/locbtob.com\/index.php\/273-2\/","title":{"rendered":"EKOSMART &#8211; D\u00e9tection par ultrason"},"content":{"rendered":"\n<pre id=\"tw-target-text\" class=\"wp-block-preformatted has-small-font-size\">EKOSMART est un syst\u00e8me UT portable compos\u00e9 d'une carte \u00e0 ultrasons USB et d'un logiciel. Les deux permettent aux utilisateurs de mesurer et d'analyser signaux tout en d\u00e9tectant les d\u00e9fauts. Gr\u00e2ce \u00e0 une souris ou un \u00e9cran tactile tous les param\u00e8tres peuvent \u00eatre modifi\u00e9s. Ce syst\u00e8me a \u00e9t\u00e9 con\u00e7u afin de r\u00e9pondre \u00e0 une demande des utilisateurs. Avec son interface graphique intuitive (et p\u00e9dagogique), il est d\u00e9di\u00e9 aux d\u00e9butants ou stagiaires ainsi qu'aux utilisateurs confirm\u00e9s et experts. Chaque utilisateur peut compter sur sa fiabilit\u00e9, ses caract\u00e9ristiques et son fonctionnalit\u00e9s avanc\u00e9es (FFT, TOFD, moyennage)\nLa carte EKOSCAN UT permet aux utilisateurs d'effectuer une large gamme d'inspections, y compris les soudures, les mat\u00e9riaux composites, forg\u00e9s et moul\u00e9s pi\u00e8ces en fer, tests de rails par ultrasons, caract\u00e9risation des mat\u00e9riaux en mode B-scan gr\u00e2ce \u00e0 une large bande passante (0,1-33MHz).\nUn bras de contr\u00f4le optionnel 3-MATRYX peut \u00eatre connect\u00e9 pour effectuer le C-Scan et suivre l'\u00e9volution des d\u00e9fauts inspect\u00e9s en maintenance.\n<\/pre>\n\n\n\n<figure class=\"wp-block-gallery aligncenter has-nested-images columns-default is-cropped wp-block-gallery-1 is-layout-flex wp-block-gallery-is-layout-flex\">\n<figure class=\"wp-block-image size-full is-style-default\"><img loading=\"lazy\" decoding=\"async\" width=\"600\" height=\"600\" data-id=\"288\" src=\"https:\/\/locbtob.com\/wp-content\/uploads\/2022\/03\/ekosmart.jpg\" alt=\"\" class=\"wp-image-288\" srcset=\"https:\/\/locbtob.com\/wp-content\/uploads\/2022\/03\/ekosmart.jpg 600w, https:\/\/locbtob.com\/wp-content\/uploads\/2022\/03\/ekosmart-300x300.jpg 300w, https:\/\/locbtob.com\/wp-content\/uploads\/2022\/03\/ekosmart-150x150.jpg 150w\" sizes=\"auto, (max-width: 600px) 100vw, 600px\" \/><\/figure>\n\n\n\n<figure class=\"wp-block-image size-full is-style-default\"><img loading=\"lazy\" decoding=\"async\" width=\"418\" height=\"552\" data-id=\"305\" src=\"https:\/\/locbtob.com\/wp-content\/uploads\/2022\/03\/12227146_1649883761959366_3409473356690176536_n-2.png\" alt=\"\" class=\"wp-image-305\" srcset=\"https:\/\/locbtob.com\/wp-content\/uploads\/2022\/03\/12227146_1649883761959366_3409473356690176536_n-2.png 418w, https:\/\/locbtob.com\/wp-content\/uploads\/2022\/03\/12227146_1649883761959366_3409473356690176536_n-2-227x300.png 227w\" sizes=\"auto, (max-width: 418px) 100vw, 418px\" \/><\/figure>\n<\/figure>\n\n\n\n<p class=\"has-text-align-center\"><sup>EKOSMART Ultrason<\/sup><\/p>\n\n\n\n<figure class=\"wp-block-table aligncenter is-style-stripes\" style=\"font-size:15px\"><table class=\"has-black-color has-text-color has-fixed-layout\"><thead><tr><th><\/th><\/tr><\/thead><tbody><tr><td><strong><em>EKOSCAN norme NF EN 12668-1<\/em><\/strong> \/ <strong><em>CARACT\u00c9RISTIQUES PRINCIPALES:<\/em><\/strong><\/td><\/tr><tr><td><strong><em>IMAGERIE : <\/em><\/strong><br><em>&#8211; Un scanner <br>&#8211; B-scan (cod\u00e9 ou d\u00e9filant) <br>&#8211; TOFD (diffraction du temps de vol) <br>&#8211; C-scan 2 encodeurs (standard) 3 encodeurs en option <br>&#8211; DAC et DAC fractionn\u00e9 (-3, -6 et -12dB), TCG <br>&#8211; FFT pour contr\u00f4ler les sondes en fr\u00e9quence, bande passante et sensibilit\u00e9 \u00c9talonnage automatique sur 2 points (retard capteur, vitesse, \u00e9paisseur mesure) <br>&#8211; Gel du A-scan ou FFT &#8211; \u00c9cho dynamique pour tester la distance focale de la sonde <br>&#8211; Moyenne en temps r\u00e9el (2, 4, 8) <br>&#8211; TOFD avec curseur hyperbolique <br>&#8211; Lin\u00e9arisation du TOFD sur l&rsquo;onde lat\u00e9rale <br>&#8211; Repr\u00e9sentation visuelle du demi saut et du saut complet lors de l&rsquo;inspection des soudures <br>&#8211; Enregistrement et rappel des param\u00e8tres.<\/em><\/td><\/tr><\/tbody><tfoot><tr><td><\/td><\/tr><\/tfoot><\/table><\/figure>\n\n\n\n<div class=\"wp-block-buttons is-content-justification-center is-layout-flex wp-container-core-buttons-is-layout-16018d1d wp-block-buttons-is-layout-flex\">\n<div class=\"wp-block-button\"><a class=\"wp-block-button__link\" href=\"https:\/\/locbtob.com\/wp-content\/uploads\/2022\/03\/EKOSMART.pdf\">T\u00e9l\u00e9chargement documentation (Anglais)<\/a><\/div>\n<\/div>\n\n\n\n<hr class=\"wp-block-separator\"\/>\n\n\n\n<div class=\"wp-block-buttons is-layout-flex wp-block-buttons-is-layout-flex\">\n<div class=\"wp-block-button aligncenter\"><a class=\"wp-block-button__link has-luminous-vivid-orange-background-color has-background\" href=\"https:\/\/locbtob.com\/index.php\/formulaire-de-contact\/\">&#8212;-Louez-moi&#8212;-<\/a><\/div>\n<\/div>\n","protected":false},"excerpt":{"rendered":"<p>EKOSMART est un syst\u00e8me UT portable compos\u00e9 d&rsquo;une carte \u00e0 ultrasons USB et d&rsquo;un logiciel. Les deux permettent aux utilisateurs de mesurer et d&rsquo;analyser signaux tout en d\u00e9tectant les d\u00e9fauts. Gr\u00e2ce \u00e0 une souris ou un \u00e9cran tactile tous les param\u00e8tres peuvent \u00eatre modifi\u00e9s. Ce syst\u00e8me a \u00e9t\u00e9 con\u00e7u afin de r\u00e9pondre \u00e0 une demande [&hellip;]<\/p>\n","protected":false},"author":2,"featured_media":0,"parent":0,"menu_order":0,"comment_status":"closed","ping_status":"closed","template":"","meta":{"footnotes":""},"class_list":["post-273","page","type-page","status-publish","hentry"],"_links":{"self":[{"href":"https:\/\/locbtob.com\/index.php\/wp-json\/wp\/v2\/pages\/273","targetHints":{"allow":["GET"]}}],"collection":[{"href":"https:\/\/locbtob.com\/index.php\/wp-json\/wp\/v2\/pages"}],"about":[{"href":"https:\/\/locbtob.com\/index.php\/wp-json\/wp\/v2\/types\/page"}],"author":[{"embeddable":true,"href":"https:\/\/locbtob.com\/index.php\/wp-json\/wp\/v2\/users\/2"}],"replies":[{"embeddable":true,"href":"https:\/\/locbtob.com\/index.php\/wp-json\/wp\/v2\/comments?post=273"}],"version-history":[{"count":23,"href":"https:\/\/locbtob.com\/index.php\/wp-json\/wp\/v2\/pages\/273\/revisions"}],"predecessor-version":[{"id":427,"href":"https:\/\/locbtob.com\/index.php\/wp-json\/wp\/v2\/pages\/273\/revisions\/427"}],"wp:attachment":[{"href":"https:\/\/locbtob.com\/index.php\/wp-json\/wp\/v2\/media?parent=273"}],"curies":[{"name":"wp","href":"https:\/\/api.w.org\/{rel}","templated":true}]}}