{"id":312,"date":"2022-03-02T16:53:56","date_gmt":"2022-03-02T15:53:56","guid":{"rendered":"https:\/\/locbtob.com\/?page_id=312"},"modified":"2022-03-02T17:18:38","modified_gmt":"2022-03-02T16:18:38","slug":"faro-s70-scanner-laser","status":"publish","type":"page","link":"https:\/\/locbtob.com\/index.php\/faro-s70-scanner-laser\/","title":{"rendered":"Faro S70 &#8211; Scanner Laser"},"content":{"rendered":"\n<pre id=\"block-fb05765f-f064-451f-bc59-32292f821a34\" class=\"wp-block-preformatted\">Les scanners laser FARO Focus sont sp\u00e9cifiquement con\u00e7us pour les mesures int\u00e9rieures et ext\u00e9rieures dans les secteurs comme l\u2019architecture, l\u2019ing\u00e9nierie, la construction, la s\u00e9curit\u00e9 publique, la m\u00e9decine l\u00e9gale ou la conception de produit. Tous les appareils capturent des informations du monde r\u00e9el utilis\u00e9es dans l\u2019univers virtuel afin d\u2019effectuer des analyses, de coop\u00e9rer au sein d\u2019un projet et de prendre des d\u00e9cisions pour am\u00e9liorer et pr\u00e9server la qualit\u00e9 globale des projets et des produits.<\/pre>\n\n\n\n<div id=\"block-db4039a2-466c-418e-95fd-17fb0ad21e61\" class=\"wp-block-image is-style-default\"><figure class=\"aligncenter size-medium is-resized\"><img loading=\"lazy\" decoding=\"async\" src=\"https:\/\/locbtob.com\/wp-content\/uploads\/2022\/03\/faro-focus3d-multisensor-300x300.webp\" alt=\"\" class=\"wp-image-319\" width=\"435\" height=\"435\" srcset=\"https:\/\/locbtob.com\/wp-content\/uploads\/2022\/03\/faro-focus3d-multisensor-300x300.webp 300w, https:\/\/locbtob.com\/wp-content\/uploads\/2022\/03\/faro-focus3d-multisensor-150x150.webp 150w, https:\/\/locbtob.com\/wp-content\/uploads\/2022\/03\/faro-focus3d-multisensor-768x768.webp 768w, https:\/\/locbtob.com\/wp-content\/uploads\/2022\/03\/faro-focus3d-multisensor.webp 800w\" sizes=\"auto, (max-width: 435px) 100vw, 435px\" \/><\/figure><\/div>\n\n\n\n<p class=\"has-text-align-center\" id=\"block-e32fa2ba-6b61-4cef-89d2-325e305bf3c7\"><sup>Faro S70 &#8211; Scanner laser<\/sup><\/p>\n\n\n\n<figure class=\"wp-block-table aligncenter\"><table><tbody><tr><td>Avantages FARO S70<\/td><\/tr><tr><td><mark style=\"background-color:rgba(0, 0, 0, 0)\" class=\"has-inline-color has-black-color\"><strong>* <\/strong>Fiabilit\u00e9 et qualit\u00e9 des donn\u00e9es document\u00e9e gr\u00e2ce \u00e0 la tra\u00e7abilit\u00e9 de la calibration et \u00e0 la meilleure technologie de compensation sur site du march\u00e9.<br><strong>* <\/strong>Num\u00e9risation laser dans des environnements difficiles gr\u00e2ce \u00e0 une protection contre la poussi\u00e8re, les d\u00e9bris et \u00e9claboussures. Montage du scanner laser FocusS en position invers\u00e9e, par ex. mont\u00e9 sous plafond.<br><strong>* <\/strong>Gamme de scanners laser Focus proposant les solutions de relev\u00e9s 3D les plus \u00e9conomiques, adapt\u00e9es \u00e0 tous types de besoins et de budgets.<br><strong>* <\/strong>Formation r\u00e9duite gr\u00e2ce \u00e0 l\u2019\u00e9cran tactile intuitif, la simplicit\u00e9 d\u2019utilisation ainsi que de nombreux cas pratiques et tutoriels en ligne.<br><strong>* <\/strong>Int\u00e9gration efficace avec les solutions logicielles et les flux de travail existants, assur\u00e9e par des interfaces avec de nombreux syst\u00e8mes CAO standards<\/mark><\/td><\/tr><\/tbody><\/table><\/figure>\n\n\n\n<figure class=\"wp-block-table\"><table><tbody><tr><td>Caract\u00e9ristiques FARO S70<\/td><\/tr><tr><td><strong><em>&#8211; Pr\u00e9cision<\/em><\/strong><br>Pr\u00e9cision et port\u00e9e extr\u00eames gr\u00e2ce \u00e0 l\u2019utilisation combin\u00e9e des technologies de capteurs les plus avanc\u00e9es.<br><strong><em>&#8211; Compensation sur site<\/em><\/strong><br>Avec la fonctionnalit\u00e9 de compensation sur site, les utilisateurs peuvent v\u00e9rifier et ajuster la compensation du FocusS sur site ou au bureau juste avant la num\u00e9risation, afin d\u2019assurer une<br>qualit\u00e9 optimale des donn\u00e9es num\u00e9ris\u00e9es et la tra\u00e7abilit\u00e9 de la documentation.<br><strong><em>&#8211; Recalage sur site<\/em><\/strong><br>Lors de la num\u00e9risation des donn\u00e9es sur site, le scanner laser transmet imm\u00e9diatement les donn\u00e9es num\u00e9ris\u00e9es vers FARO SCENE, via un dispositif sans fil, pour permettre un traitement et un recalage sur site et en temps r\u00e9el plus efficace et un gain de temps.<br><strong><em>&#8211; Num\u00e9risation de cibles distantes<\/em><\/strong><br>La fonctionnalit\u00e9 Groupement de scans identifie les zones multiples \u00e0 num\u00e9riser avec une plus haute r\u00e9solution pour permettre une d\u00e9tection plus pr\u00e9cise des cibles et pour une num\u00e9risation plus d\u00e9taill\u00e9e de zones sp\u00e9cifiques.<br><strong><em>&#8211; Indice de protection IP54 &amp; plage de temp\u00e9rature \u00e9tendue<\/em><\/strong><br>Avec son bo\u00eetier scell\u00e9 et un indice de protection IP54 r\u00e9pondant aux normes du secteur, le Focus peut \u00eatre utilis\u00e9 dans des conditions m\u00e9t\u00e9orologiques humides, \u00e0 des temp\u00e9ratures allant de -20 \u00b0C \u00e0 +55\u00b0C.<br><em><strong>&#8211; L\u00e9ger et compact<\/strong><\/em><br>Les scanners laser Focus sont les appareils les plus petits et les plus l\u00e9gers pour ce niveau de performance.<\/td><\/tr><\/tbody><\/table><\/figure>\n\n\n\n<figure class=\"wp-block-gallery aligncenter has-nested-images columns-3 is-cropped wp-block-gallery-1 is-layout-flex wp-block-gallery-is-layout-flex\">\n<figure class=\"wp-block-image size-large is-style-default\"><img loading=\"lazy\" decoding=\"async\" width=\"462\" height=\"340\" data-id=\"337\" src=\"https:\/\/locbtob.com\/wp-content\/uploads\/2022\/03\/faro-scanner-3d-faro-s70-p00229016_2.jpg\" alt=\"\" class=\"wp-image-337\" srcset=\"https:\/\/locbtob.com\/wp-content\/uploads\/2022\/03\/faro-scanner-3d-faro-s70-p00229016_2.jpg 462w, https:\/\/locbtob.com\/wp-content\/uploads\/2022\/03\/faro-scanner-3d-faro-s70-p00229016_2-300x221.jpg 300w\" sizes=\"auto, (max-width: 462px) 100vw, 462px\" \/><\/figure>\n\n\n\n<figure class=\"wp-block-image size-large is-style-default\"><img loading=\"lazy\" decoding=\"async\" width=\"590\" height=\"960\" data-id=\"339\" src=\"https:\/\/locbtob.com\/wp-content\/uploads\/2022\/03\/faro-scanner-3d-faro-s70-p00229016_3.jpg\" alt=\"\" class=\"wp-image-339\" srcset=\"https:\/\/locbtob.com\/wp-content\/uploads\/2022\/03\/faro-scanner-3d-faro-s70-p00229016_3.jpg 590w, https:\/\/locbtob.com\/wp-content\/uploads\/2022\/03\/faro-scanner-3d-faro-s70-p00229016_3-184x300.jpg 184w\" sizes=\"auto, (max-width: 590px) 100vw, 590px\" \/><\/figure>\n\n\n\n<figure class=\"wp-block-image size-large is-style-default\"><img loading=\"lazy\" decoding=\"async\" width=\"591\" height=\"402\" data-id=\"338\" src=\"https:\/\/locbtob.com\/wp-content\/uploads\/2022\/03\/FocusSME.jpg\" alt=\"\" class=\"wp-image-338\" srcset=\"https:\/\/locbtob.com\/wp-content\/uploads\/2022\/03\/FocusSME.jpg 591w, https:\/\/locbtob.com\/wp-content\/uploads\/2022\/03\/FocusSME-300x204.jpg 300w\" sizes=\"auto, (max-width: 591px) 100vw, 591px\" \/><\/figure>\n<\/figure>\n\n\n\n<figure class=\"wp-block-video aligncenter\"><video height=\"360\" style=\"aspect-ratio: 640 \/ 360;\" width=\"640\" controls src=\"https:\/\/locbtob.com\/wp-content\/uploads\/2022\/03\/FARO-ScanPlan-Planification-du-travail-de-numerisation-3D.mp4\"><\/video><\/figure>\n\n\n\n<p>\ufeff<\/p>\n\n\n\n<hr class=\"wp-block-separator\" id=\"block-715e8380-46dc-4455-a205-73d8cddd815d\"\/>\n\n\n\n<div class=\"wp-block-buttons is-content-justification-center is-layout-flex wp-container-core-buttons-is-layout-16018d1d wp-block-buttons-is-layout-flex\">\n<div class=\"wp-block-button\"><a class=\"wp-block-button__link\" href=\"https:\/\/locbtob.com\/wp-content\/uploads\/2022\/03\/MA-RF-4204-FR-FARO-Laser-Scanner-Focus-MS-Tech-Sheet.pdf\">T\u00e9l\u00e9chargement documentation (Fran\u00e7ais)<\/a><\/div>\n<\/div>\n\n\n\n<hr class=\"wp-block-separator\"\/>\n\n\n\n<div class=\"wp-block-buttons is-layout-flex wp-block-buttons-is-layout-flex\">\n<div class=\"wp-block-button aligncenter\"><a class=\"wp-block-button__link has-luminous-vivid-orange-background-color has-background\" href=\"https:\/\/locbtob.com\/index.php\/formulaire-de-contact\/\">&#8212;-Louez-moi&#8212;-<\/a><\/div>\n<\/div>\n\n\n\n<figure class=\"wp-block-video\"><\/figure>\n","protected":false},"excerpt":{"rendered":"<p>Les scanners laser FARO Focus sont sp\u00e9cifiquement con\u00e7us pour les mesures int\u00e9rieures et ext\u00e9rieures dans les secteurs comme l\u2019architecture, l\u2019ing\u00e9nierie, la construction, la s\u00e9curit\u00e9 publique, la m\u00e9decine l\u00e9gale ou la conception de produit. Tous les appareils capturent des informations du monde r\u00e9el utilis\u00e9es dans l\u2019univers virtuel afin d\u2019effectuer des analyses, de coop\u00e9rer au sein d\u2019un &hellip; <\/p>\n<p class=\"link-more\"><a href=\"https:\/\/locbtob.com\/index.php\/faro-s70-scanner-laser\/\" class=\"more-link\">Continuer la lecture <span class=\"screen-reader-text\"> \u00ab\u00a0Faro S70 &#8211; Scanner Laser\u00a0\u00bb<\/span><\/a><\/p>\n","protected":false},"author":2,"featured_media":0,"parent":0,"menu_order":0,"comment_status":"closed","ping_status":"closed","template":"","meta":{"footnotes":""},"class_list":["post-312","page","type-page","status-publish","hentry","entry"],"_links":{"self":[{"href":"https:\/\/locbtob.com\/index.php\/wp-json\/wp\/v2\/pages\/312","targetHints":{"allow":["GET"]}}],"collection":[{"href":"https:\/\/locbtob.com\/index.php\/wp-json\/wp\/v2\/pages"}],"about":[{"href":"https:\/\/locbtob.com\/index.php\/wp-json\/wp\/v2\/types\/page"}],"author":[{"embeddable":true,"href":"https:\/\/locbtob.com\/index.php\/wp-json\/wp\/v2\/users\/2"}],"replies":[{"embeddable":true,"href":"https:\/\/locbtob.com\/index.php\/wp-json\/wp\/v2\/comments?post=312"}],"version-history":[{"count":14,"href":"https:\/\/locbtob.com\/index.php\/wp-json\/wp\/v2\/pages\/312\/revisions"}],"predecessor-version":[{"id":342,"href":"https:\/\/locbtob.com\/index.php\/wp-json\/wp\/v2\/pages\/312\/revisions\/342"}],"wp:attachment":[{"href":"https:\/\/locbtob.com\/index.php\/wp-json\/wp\/v2\/media?parent=312"}],"curies":[{"name":"wp","href":"https:\/\/api.w.org\/{rel}","templated":true}]}}