{"id":345,"date":"2022-03-02T17:30:17","date_gmt":"2022-03-02T16:30:17","guid":{"rendered":"https:\/\/locbtob.com\/?page_id=345"},"modified":"2022-03-02T18:49:36","modified_gmt":"2022-03-02T17:49:36","slug":"silverwing-handscan-detection-de-corrosion","status":"publish","type":"page","link":"https:\/\/locbtob.com\/index.php\/silverwing-handscan-detection-de-corrosion\/","title":{"rendered":"SILVERWING HANDSCAN &#8211; D\u00e9tection de corrosion"},"content":{"rendered":"\n<pre id=\"block-fb05765f-f064-451f-bc59-32292f821a34\" class=\"wp-block-preformatted\">Le mini scanner de d\u00e9tection de corrosion Silverwing Handscan MFL est con\u00e7u pour permettre une pr\u00e9cision de diagnostic in\u00e9gal\u00e9e. M\u00eame dans une si petite configuration, la derni\u00e8re g\u00e9n\u00e9ration d'aimants permanents permettent une saturation magn\u00e9tique localis\u00e9e de la surface du sol a tester.<\/pre>\n\n\n\n<div id=\"block-db4039a2-466c-418e-95fd-17fb0ad21e61\" class=\"wp-block-image is-style-rounded\"><figure class=\"aligncenter size-large\"><img loading=\"lazy\" decoding=\"async\" width=\"1024\" height=\"570\" src=\"https:\/\/locbtob.com\/wp-content\/uploads\/2022\/03\/Silverwing-Handscan-mini-mfl-tank-floor-scanner-01-1-1-1024x570.jpg\" alt=\"\" class=\"wp-image-347\" srcset=\"https:\/\/locbtob.com\/wp-content\/uploads\/2022\/03\/Silverwing-Handscan-mini-mfl-tank-floor-scanner-01-1-1-1024x570.jpg 1024w, https:\/\/locbtob.com\/wp-content\/uploads\/2022\/03\/Silverwing-Handscan-mini-mfl-tank-floor-scanner-01-1-1-300x167.jpg 300w, https:\/\/locbtob.com\/wp-content\/uploads\/2022\/03\/Silverwing-Handscan-mini-mfl-tank-floor-scanner-01-1-1-768x428.jpg 768w, https:\/\/locbtob.com\/wp-content\/uploads\/2022\/03\/Silverwing-Handscan-mini-mfl-tank-floor-scanner-01-1-1-1536x855.jpg 1536w, https:\/\/locbtob.com\/wp-content\/uploads\/2022\/03\/Silverwing-Handscan-mini-mfl-tank-floor-scanner-01-1-1-2048x1140.jpg 2048w\" sizes=\"auto, (max-width: 1024px) 100vw, 1024px\" \/><\/figure><\/div>\n\n\n\n<p class=\"has-text-align-center has-small-font-size\">Handscan MFL corrosion d\u00e9tection &#8211; mini scanner <\/p>\n\n\n\n<figure class=\"wp-block-table aligncenter\"><table><tbody><tr><td><strong><em>Caract\u00e9ristiques HandScan<\/em><\/strong><\/td><\/tr><tr><td>&#8211; <mark style=\"background-color:rgba(0, 0, 0, 0)\" class=\"has-inline-color has-black-color\"><strong>Principe de fonctionnement Fuite de flux magn\u00e9tique<\/strong><\/mark><br>&#8211; <mark style=\"background-color:rgba(0, 0, 0, 0)\" class=\"has-inline-color has-black-color\"><strong>D\u00e9tection 16 capteurs \u00e0 effet Hall <\/strong><\/mark><br>&#8211; <mark style=\"background-color:rgba(0, 0, 0, 0)\" class=\"has-inline-color has-black-color\"><strong>Largeur de num\u00e9risation 150 mm (6 pouces) <\/strong><\/mark><br>&#8211; <mark style=\"background-color:rgba(0, 0, 0, 0)\" class=\"has-inline-color has-black-color\"><strong>Mode de propulsion Pousser tirer \u00e0 la main <\/strong><\/mark><br>&#8211; <mark style=\"background-color:rgba(0, 0, 0, 0)\" class=\"has-inline-color has-black-color\"><strong>Vitesse 0,5 m\/s <\/strong><\/mark><br>&#8211; <mark style=\"background-color:rgba(0, 0, 0, 0)\" class=\"has-inline-color has-black-color\"><strong>Poign\u00e9e extensible <\/strong><\/mark><br>&#8211; <mark style=\"background-color:rgba(0, 0, 0, 0)\" class=\"has-inline-color has-black-color\"><strong>Profil D\u00e9gagement sous la tuyauterie requis 120 mm <\/strong><\/mark><br>&#8211; <mark style=\"background-color:rgba(0, 0, 0, 0)\" class=\"has-inline-color has-black-color\"><strong>Gamme d&rsquo;\u00e9paisseur Maximum 15 mm <\/strong><\/mark><br>&#8211; <mark style=\"background-color:rgba(0, 0, 0, 0)\" class=\"has-inline-color has-black-color\"><strong>Test \u00e0 travers les rev\u00eatements Oui si non magn\u00e9tique <\/strong><\/mark><br>&#8211; <mark style=\"background-color:rgba(0, 0, 0, 0)\" class=\"has-inline-color has-black-color\"><strong>\u00c9paisseur maximale du rev\u00eatement 6 mm <\/strong><\/mark><br>&#8211; <mark style=\"background-color:rgba(0, 0, 0, 0)\" class=\"has-inline-color has-black-color\"><strong>Sensibilit\u00e9 max 10% en sous-sol sur plaque 6 mm non rev\u00eatue 20% sous plancher sur plaque 6 mm rev\u00eatue<\/strong><\/mark><br>&#8211; <mark style=\"background-color:rgba(0, 0, 0, 0)\" class=\"has-inline-color has-black-color\"><strong>C\u00e2ble de connexion longueur standard de 5 m\u00e8tres <\/strong><\/mark><br>&#8211; <mark style=\"background-color:rgba(0, 0, 0, 0)\" class=\"has-inline-color has-black-color\"><strong>Alimentation requise Fonctionnement sur batterie 12 V <\/strong><\/mark><br>&#8211; <mark style=\"background-color:rgba(0, 0, 0, 0)\" class=\"has-inline-color has-black-color\"><strong>Valise de transport R\u00e9pond aux exigences IATA pour le transport de mat\u00e9riaux magn\u00e9tisables <\/strong><\/mark><br>&#8211; <mark style=\"background-color:rgba(0, 0, 0, 0)\" class=\"has-inline-color has-black-color\"><strong>Poids op\u00e9rationnel Poids op\u00e9rationnel 18 Kg &#8211; poids combin\u00e9 de la t\u00eate de lecture et du module \u00e9lectronique<\/strong><\/mark><\/td><\/tr><\/tbody><\/table><\/figure>\n\n\n\n<figure class=\"wp-block-gallery has-nested-images columns-4 is-cropped wp-block-gallery-1 is-layout-flex wp-block-gallery-is-layout-flex\">\n<figure class=\"wp-block-image size-large is-style-default\"><img loading=\"lazy\" decoding=\"async\" width=\"800\" height=\"645\" data-id=\"358\" src=\"https:\/\/locbtob.com\/wp-content\/uploads\/2022\/03\/Handscan_MFL_05_800x645-01.png\" alt=\"\" class=\"wp-image-358\" srcset=\"https:\/\/locbtob.com\/wp-content\/uploads\/2022\/03\/Handscan_MFL_05_800x645-01.png 800w, https:\/\/locbtob.com\/wp-content\/uploads\/2022\/03\/Handscan_MFL_05_800x645-01-300x242.png 300w, https:\/\/locbtob.com\/wp-content\/uploads\/2022\/03\/Handscan_MFL_05_800x645-01-768x619.png 768w\" sizes=\"auto, (max-width: 800px) 100vw, 800px\" \/><\/figure>\n\n\n\n<figure class=\"wp-block-image size-large is-style-default\"><img loading=\"lazy\" decoding=\"async\" width=\"1024\" height=\"576\" data-id=\"357\" src=\"https:\/\/locbtob.com\/wp-content\/uploads\/2022\/03\/handscan-mfl-tank-floor-scanner5-1024x576.jpg\" alt=\"\" class=\"wp-image-357\" srcset=\"https:\/\/locbtob.com\/wp-content\/uploads\/2022\/03\/handscan-mfl-tank-floor-scanner5-1024x576.jpg 1024w, https:\/\/locbtob.com\/wp-content\/uploads\/2022\/03\/handscan-mfl-tank-floor-scanner5-300x169.jpg 300w, https:\/\/locbtob.com\/wp-content\/uploads\/2022\/03\/handscan-mfl-tank-floor-scanner5-768x432.jpg 768w, https:\/\/locbtob.com\/wp-content\/uploads\/2022\/03\/handscan-mfl-tank-floor-scanner5-1536x864.jpg 1536w, https:\/\/locbtob.com\/wp-content\/uploads\/2022\/03\/handscan-mfl-tank-floor-scanner5.jpg 1920w\" sizes=\"auto, (max-width: 1024px) 100vw, 1024px\" \/><\/figure>\n\n\n\n<figure class=\"wp-block-image size-large is-style-default\"><img loading=\"lazy\" decoding=\"async\" width=\"700\" height=\"527\" data-id=\"359\" src=\"https:\/\/locbtob.com\/wp-content\/uploads\/2022\/03\/handscan-tank-floor-inspection_700x527-01.png\" alt=\"\" class=\"wp-image-359\" srcset=\"https:\/\/locbtob.com\/wp-content\/uploads\/2022\/03\/handscan-tank-floor-inspection_700x527-01.png 700w, https:\/\/locbtob.com\/wp-content\/uploads\/2022\/03\/handscan-tank-floor-inspection_700x527-01-300x226.png 300w\" sizes=\"auto, (max-width: 700px) 100vw, 700px\" \/><\/figure>\n\n\n\n<figure class=\"wp-block-image size-large is-style-default\"><img loading=\"lazy\" decoding=\"async\" width=\"214\" height=\"235\" data-id=\"355\" src=\"https:\/\/locbtob.com\/wp-content\/uploads\/2022\/03\/images.jpg\" alt=\"\" class=\"wp-image-355\"\/><\/figure>\n\n\n\n<figure class=\"wp-block-image size-large is-style-default\"><img loading=\"lazy\" decoding=\"async\" width=\"800\" height=\"297\" data-id=\"356\" src=\"https:\/\/locbtob.com\/wp-content\/uploads\/2022\/03\/MFL-Pipescan-main.65111223_std.jpg\" alt=\"\" class=\"wp-image-356\" srcset=\"https:\/\/locbtob.com\/wp-content\/uploads\/2022\/03\/MFL-Pipescan-main.65111223_std.jpg 800w, https:\/\/locbtob.com\/wp-content\/uploads\/2022\/03\/MFL-Pipescan-main.65111223_std-300x111.jpg 300w, https:\/\/locbtob.com\/wp-content\/uploads\/2022\/03\/MFL-Pipescan-main.65111223_std-768x285.jpg 768w\" sizes=\"auto, (max-width: 800px) 100vw, 800px\" \/><\/figure>\n<\/figure>\n\n\n\n<figure class=\"wp-block-video aligncenter\"><video height=\"360\" style=\"aspect-ratio: 640 \/ 360;\" width=\"640\" controls src=\"https:\/\/locbtob.com\/wp-content\/uploads\/2022\/03\/BC-END-apresenta-Silverwing-HandScan-Detector-de-Falhas-por-MFL-Manual.mp4\"><\/video><\/figure>\n\n\n\n<hr class=\"wp-block-separator\" id=\"block-715e8380-46dc-4455-a205-73d8cddd815d\"\/>\n\n\n\n<div class=\"wp-block-buttons is-content-justification-center is-layout-flex wp-container-core-buttons-is-layout-16018d1d wp-block-buttons-is-layout-flex\">\n<div class=\"wp-block-button\"><a class=\"wp-block-button__link\" href=\"https:\/\/locbtob.com\/wp-content\/uploads\/2022\/03\/Silverwing-Handscan-mini-mfl-tank-floor-scanner-01-1.pdf\">T\u00e9l\u00e9chargement documentation (Anglais)<\/a><\/div>\n<\/div>\n\n\n\n<hr class=\"wp-block-separator\"\/>\n\n\n\n<div class=\"wp-block-buttons is-layout-flex wp-block-buttons-is-layout-flex\">\n<div class=\"wp-block-button aligncenter\"><a class=\"wp-block-button__link has-luminous-vivid-orange-background-color has-background\" href=\"https:\/\/locbtob.com\/index.php\/formulaire-de-contact\/\">&#8212;-Louez-moi&#8212;-<\/a><\/div>\n<\/div>\n\n\n\n<p><\/p>\n","protected":false},"excerpt":{"rendered":"<p>Le mini scanner de d\u00e9tection de corrosion Silverwing Handscan MFL est con\u00e7u pour permettre une pr\u00e9cision de diagnostic in\u00e9gal\u00e9e. M\u00eame dans une si petite configuration, la derni\u00e8re g\u00e9n\u00e9ration d&rsquo;aimants permanents permettent une saturation magn\u00e9tique localis\u00e9e de la surface du sol a tester. Handscan MFL corrosion d\u00e9tection &#8211; mini scanner Caract\u00e9ristiques HandScan &#8211; Principe de fonctionnement &hellip; <\/p>\n<p class=\"link-more\"><a href=\"https:\/\/locbtob.com\/index.php\/silverwing-handscan-detection-de-corrosion\/\" class=\"more-link\">Continuer la lecture <span class=\"screen-reader-text\"> \u00ab\u00a0SILVERWING HANDSCAN &#8211; D\u00e9tection de corrosion\u00a0\u00bb<\/span><\/a><\/p>\n","protected":false},"author":2,"featured_media":0,"parent":0,"menu_order":0,"comment_status":"closed","ping_status":"closed","template":"","meta":{"footnotes":""},"class_list":["post-345","page","type-page","status-publish","hentry","entry"],"_links":{"self":[{"href":"https:\/\/locbtob.com\/index.php\/wp-json\/wp\/v2\/pages\/345","targetHints":{"allow":["GET"]}}],"collection":[{"href":"https:\/\/locbtob.com\/index.php\/wp-json\/wp\/v2\/pages"}],"about":[{"href":"https:\/\/locbtob.com\/index.php\/wp-json\/wp\/v2\/types\/page"}],"author":[{"embeddable":true,"href":"https:\/\/locbtob.com\/index.php\/wp-json\/wp\/v2\/users\/2"}],"replies":[{"embeddable":true,"href":"https:\/\/locbtob.com\/index.php\/wp-json\/wp\/v2\/comments?post=345"}],"version-history":[{"count":12,"href":"https:\/\/locbtob.com\/index.php\/wp-json\/wp\/v2\/pages\/345\/revisions"}],"predecessor-version":[{"id":429,"href":"https:\/\/locbtob.com\/index.php\/wp-json\/wp\/v2\/pages\/345\/revisions\/429"}],"wp:attachment":[{"href":"https:\/\/locbtob.com\/index.php\/wp-json\/wp\/v2\/media?parent=345"}],"curies":[{"name":"wp","href":"https:\/\/api.w.org\/{rel}","templated":true}]}}