{"id":370,"date":"2022-03-02T17:42:11","date_gmt":"2022-03-02T16:42:11","guid":{"rendered":"https:\/\/locbtob.com\/?page_id=370"},"modified":"2022-03-02T18:52:36","modified_gmt":"2022-03-02T17:52:36","slug":"altiscan-mesures-depaisseurs","status":"publish","type":"page","link":"https:\/\/locbtob.com\/index.php\/altiscan-mesures-depaisseurs\/","title":{"rendered":"Altiscan &#8211; Mesures d&rsquo;\u00e9paisseurs"},"content":{"rendered":"\n<pre id=\"tw-target-text\" class=\"wp-block-preformatted has-small-font-size\">ALTISCAN est un robot magn\u00e9tique constamment am\u00e9lior\u00e9 en partenariat avec des leaders europ\u00e9ens\ndu CND. Cet \u00e9quipement l\u00e9ger (7 kgs) et rapide (15 m\/min)est con\u00e7u pour \u00eatre op\u00e9r\u00e9 en s\u00e9curit\u00e9 sur des\nsurfaces d\u00e9grad\u00e9es ou en conditions m\u00e9t\u00e9o difficiles. L\u2019\u00e9lectronique de pilotage et de mesures est int\u00e9gr\u00e9, avec une autonomie de 8 heures, dans une valise compacte.<\/pre>\n\n\n\n<div class=\"wp-block-image is-style-rounded\"><figure class=\"aligncenter size-full\"><img loading=\"lazy\" decoding=\"async\" width=\"540\" height=\"304\" src=\"https:\/\/locbtob.com\/wp-content\/uploads\/2022\/03\/storage.jpg\" alt=\"\" class=\"wp-image-377\" srcset=\"https:\/\/locbtob.com\/wp-content\/uploads\/2022\/03\/storage.jpg 540w, https:\/\/locbtob.com\/wp-content\/uploads\/2022\/03\/storage-300x169.jpg 300w\" sizes=\"auto, (max-width: 540px) 100vw, 540px\" \/><\/figure><\/div>\n\n\n\n<p class=\"has-text-align-center\"><sup>Altiscan <\/sup><\/p>\n\n\n\n<figure class=\"wp-block-table aligncenter\"><table><tbody><tr><td><strong><em>Caract\u00e9ristiques ALTISCAN<\/em><\/strong><\/td><\/tr><tr><td><strong><em>&#8211; FIABILIT\u00c9<\/em><\/strong><br>L\u2019\u00e9lectronique embarqu\u00e9e offre de nombreuses personnalisations, telles que l\u2019emport de cam\u00e9ra, d\u2019explosim\u00e8tre, de moyens de pr\u00e9paration de surface, le contr\u00f4le du gain automatique, les filtres<br>automatiques, etc&#8230;<br><br><strong><em>&#8211; PERFORMANCE<\/em><\/strong><br>DATASCAN est un logiciel facile d\u2019utilisation, incluant la position, l\u2019affichage A scan B scan en tant r\u00e9el et les archives. DATAREPORT est un g\u00e9n\u00e9rateur de rapports automatis\u00e9, offrant aux op\u00e9rateurs la possibilit\u00e9 de facilement modifier les mesures et r\u00e9g\u00e9n\u00e9rer le Bscan de retour du terrain.<br><br><strong><em>&#8211; APPLICATIONS<\/em><\/strong><br>Toits de bacs, robes de bacs, colonnes de process, tuyauteries, silos, coques de bateaux etc&#8230;<\/td><\/tr><\/tbody><\/table><\/figure>\n\n\n\n<figure class=\"wp-block-video aligncenter\"><video height=\"360\" style=\"aspect-ratio: 640 \/ 360;\" width=\"640\" controls src=\"https:\/\/locbtob.com\/wp-content\/uploads\/2022\/03\/ALTISCAN-magnetic-wall-climber.mp4\"><\/video><\/figure>\n\n\n\n<figure class=\"wp-block-gallery has-nested-images columns-default is-cropped wp-block-gallery-1 is-layout-flex wp-block-gallery-is-layout-flex\">\n<figure class=\"wp-block-image size-large is-style-default\"><img loading=\"lazy\" decoding=\"async\" width=\"540\" height=\"361\" data-id=\"384\" src=\"https:\/\/locbtob.com\/wp-content\/uploads\/2022\/03\/as1__017641200_1004_05032015.jpg\" alt=\"\" class=\"wp-image-384\" srcset=\"https:\/\/locbtob.com\/wp-content\/uploads\/2022\/03\/as1__017641200_1004_05032015.jpg 540w, https:\/\/locbtob.com\/wp-content\/uploads\/2022\/03\/as1__017641200_1004_05032015-300x201.jpg 300w\" sizes=\"auto, (max-width: 540px) 100vw, 540px\" \/><\/figure>\n\n\n\n<figure class=\"wp-block-image size-large is-style-default\"><img loading=\"lazy\" decoding=\"async\" width=\"540\" height=\"304\" data-id=\"382\" src=\"https:\/\/locbtob.com\/wp-content\/uploads\/2022\/03\/storage-1.jpg\" alt=\"\" class=\"wp-image-382\" srcset=\"https:\/\/locbtob.com\/wp-content\/uploads\/2022\/03\/storage-1.jpg 540w, https:\/\/locbtob.com\/wp-content\/uploads\/2022\/03\/storage-1-300x169.jpg 300w\" sizes=\"auto, (max-width: 540px) 100vw, 540px\" \/><\/figure>\n\n\n\n<figure class=\"wp-block-image size-large is-style-default\"><img loading=\"lazy\" decoding=\"async\" width=\"970\" height=\"545\" data-id=\"383\" src=\"https:\/\/locbtob.com\/wp-content\/uploads\/2022\/03\/64387-10009504.jpg\" alt=\"\" class=\"wp-image-383\" srcset=\"https:\/\/locbtob.com\/wp-content\/uploads\/2022\/03\/64387-10009504.jpg 970w, https:\/\/locbtob.com\/wp-content\/uploads\/2022\/03\/64387-10009504-300x169.jpg 300w, https:\/\/locbtob.com\/wp-content\/uploads\/2022\/03\/64387-10009504-768x432.jpg 768w\" sizes=\"auto, (max-width: 970px) 100vw, 970px\" \/><\/figure>\n<\/figure>\n\n\n\n<div class=\"wp-block-columns are-vertically-aligned-center is-layout-flex wp-container-core-columns-is-layout-9d6595d7 wp-block-columns-is-layout-flex\">\n<div class=\"wp-block-column is-vertically-aligned-center is-layout-flow wp-block-column-is-layout-flow\">\n<div class=\"wp-block-group\"><div class=\"wp-block-group__inner-container is-layout-flow wp-block-group-is-layout-flow\">\n<figure class=\"wp-block-video\"><video height=\"360\" style=\"aspect-ratio: 636 \/ 360;\" width=\"636\" controls muted src=\"https:\/\/locbtob.com\/wp-content\/uploads\/2022\/03\/SHIPSCAN.mp4\"><\/video><\/figure>\n<\/div><\/div>\n<\/div>\n\n\n\n<div class=\"wp-block-column is-vertically-aligned-center is-layout-flow wp-block-column-is-layout-flow\">\n<div class=\"wp-block-group\"><div class=\"wp-block-group__inner-container is-layout-flow wp-block-group-is-layout-flow\">\n<figure class=\"wp-block-video aligncenter\"><video height=\"360\" style=\"aspect-ratio: 640 \/ 360;\" width=\"640\" controls muted src=\"https:\/\/locbtob.com\/wp-content\/uploads\/2022\/03\/ALTISCAN-ultrasonic-tank-crawler-Under-the-Rain.mp4\"><\/video><\/figure>\n<\/div><\/div>\n<\/div>\n<\/div>\n\n\n\n<div class=\"wp-block-image is-style-default\"><figure class=\"aligncenter size-large\"><img loading=\"lazy\" decoding=\"async\" width=\"852\" height=\"1024\" src=\"https:\/\/locbtob.com\/wp-content\/uploads\/2022\/03\/roboplanet_presentation_altiscan_fr_3-4-852x1024.png\" alt=\"\" class=\"wp-image-386\" srcset=\"https:\/\/locbtob.com\/wp-content\/uploads\/2022\/03\/roboplanet_presentation_altiscan_fr_3-4-852x1024.png 852w, https:\/\/locbtob.com\/wp-content\/uploads\/2022\/03\/roboplanet_presentation_altiscan_fr_3-4-250x300.png 250w, https:\/\/locbtob.com\/wp-content\/uploads\/2022\/03\/roboplanet_presentation_altiscan_fr_3-4-768x923.png 768w, https:\/\/locbtob.com\/wp-content\/uploads\/2022\/03\/roboplanet_presentation_altiscan_fr_3-4-1278x1536.png 1278w, https:\/\/locbtob.com\/wp-content\/uploads\/2022\/03\/roboplanet_presentation_altiscan_fr_3-4-1704x2048.png 1704w\" sizes=\"auto, (max-width: 852px) 100vw, 852px\" \/><\/figure><\/div>\n\n\n\n<div class=\"wp-block-buttons is-content-justification-center is-layout-flex wp-container-core-buttons-is-layout-16018d1d wp-block-buttons-is-layout-flex\">\n<div class=\"wp-block-button\"><a class=\"wp-block-button__link\" href=\"https:\/\/locbtob.com\/wp-content\/uploads\/2022\/03\/roboplanet_presentation_altiscan_fr_3.pdf\">T\u00e9l\u00e9chargement documentation (Fran\u00e7ais)<\/a><\/div>\n<\/div>\n\n\n\n<hr class=\"wp-block-separator\"\/>\n\n\n\n<div class=\"wp-block-buttons is-content-justification-center is-layout-flex wp-container-core-buttons-is-layout-16018d1d wp-block-buttons-is-layout-flex\">\n<div class=\"wp-block-button aligncenter\"><a class=\"wp-block-button__link has-luminous-vivid-orange-background-color has-background\" href=\"https:\/\/locbtob.com\/index.php\/formulaire-de-contact\/\">&#8212;-Louez-moi&#8212;-<\/a><\/div>\n<\/div>\n","protected":false},"excerpt":{"rendered":"<p>ALTISCAN est un robot magn\u00e9tique constamment am\u00e9lior\u00e9 en partenariat avec des leaders europ\u00e9ens du CND. Cet \u00e9quipement l\u00e9ger (7 kgs) et rapide (15 m\/min)est con\u00e7u pour \u00eatre op\u00e9r\u00e9 en s\u00e9curit\u00e9 sur des surfaces d\u00e9grad\u00e9es ou en conditions m\u00e9t\u00e9o difficiles. L\u2019\u00e9lectronique de pilotage et de mesures est int\u00e9gr\u00e9, avec une autonomie de 8 heures, dans une &hellip; <\/p>\n<p class=\"link-more\"><a href=\"https:\/\/locbtob.com\/index.php\/altiscan-mesures-depaisseurs\/\" class=\"more-link\">Continuer la lecture <span class=\"screen-reader-text\"> \u00ab\u00a0Altiscan &#8211; Mesures d&rsquo;\u00e9paisseurs\u00a0\u00bb<\/span><\/a><\/p>\n","protected":false},"author":2,"featured_media":0,"parent":0,"menu_order":0,"comment_status":"closed","ping_status":"closed","template":"","meta":{"footnotes":""},"class_list":["post-370","page","type-page","status-publish","hentry","entry"],"_links":{"self":[{"href":"https:\/\/locbtob.com\/index.php\/wp-json\/wp\/v2\/pages\/370","targetHints":{"allow":["GET"]}}],"collection":[{"href":"https:\/\/locbtob.com\/index.php\/wp-json\/wp\/v2\/pages"}],"about":[{"href":"https:\/\/locbtob.com\/index.php\/wp-json\/wp\/v2\/types\/page"}],"author":[{"embeddable":true,"href":"https:\/\/locbtob.com\/index.php\/wp-json\/wp\/v2\/users\/2"}],"replies":[{"embeddable":true,"href":"https:\/\/locbtob.com\/index.php\/wp-json\/wp\/v2\/comments?post=370"}],"version-history":[{"count":16,"href":"https:\/\/locbtob.com\/index.php\/wp-json\/wp\/v2\/pages\/370\/revisions"}],"predecessor-version":[{"id":433,"href":"https:\/\/locbtob.com\/index.php\/wp-json\/wp\/v2\/pages\/370\/revisions\/433"}],"wp:attachment":[{"href":"https:\/\/locbtob.com\/index.php\/wp-json\/wp\/v2\/media?parent=370"}],"curies":[{"name":"wp","href":"https:\/\/api.w.org\/{rel}","templated":true}]}}