{"id":447,"date":"2022-03-04T13:48:10","date_gmt":"2022-03-04T12:48:10","guid":{"rendered":"https:\/\/locbtob.com\/?page_id=447"},"modified":"2022-03-04T15:02:20","modified_gmt":"2022-03-04T14:02:20","slug":"demande-de-devis-en-ligne","status":"publish","type":"page","link":"https:\/\/locbtob.com\/index.php\/demande-de-devis-en-ligne\/","title":{"rendered":"Demande de devis en ligne"},"content":{"rendered":"\n<div class=\"wp-block-buttons is-content-justification-center is-layout-flex wp-container-core-buttons-is-layout-16018d1d wp-block-buttons-is-layout-flex\">\n<div class=\"wp-block-button is-style-outline is-style-outline--1\"><a class=\"wp-block-button__link has-luminous-vivid-orange-background-color has-background\" href=\"https:\/\/locbtob.com\/wp-content\/uploads\/2022\/03\/Condition-generales-de-location.docx\">T\u00e9l\u00e9chargez nos conditions g\u00e9n\u00e9rales de location<\/a><\/div>\n<\/div>\n\n\n\n<hr class=\"wp-block-separator\"\/>\n\n\n\n<div class=\"wp-block-buttons is-content-justification-center is-layout-flex wp-container-core-buttons-is-layout-16018d1d wp-block-buttons-is-layout-flex\">\n<div class=\"wp-block-button aligncenter is-style-outline is-style-outline--2\"><a class=\"wp-block-button__link has-luminous-vivid-orange-color has-black-background-color has-text-color has-background\" href=\"https:\/\/locbtob.com\/index.php\/contrat-de-location\/\">Consultez nos conditions g\u00e9n\u00e9rales de location<\/a><\/div>\n<\/div>\n\n\n\n<hr class=\"wp-block-separator\"\/>\n\n\n\n<p>Utilisez notre formulaire demande de devis en ligne, nous vous r\u00e9pondrons dans les meilleurs d\u00e9lais !<\/p>\n\n\n\n<p>Consultez nos conditions g\u00e9n\u00e9rales de location https:\/\/locbtob.com\/index.php\/contrat-de-location\/<\/p>\n\n\n<p>[wpforms id=\u00a0\u00bb199&Prime;]<\/p>\n","protected":false},"excerpt":{"rendered":"<p>Utilisez notre formulaire demande de devis en ligne, nous vous r\u00e9pondrons dans les meilleurs d\u00e9lais ! Consultez nos conditions g\u00e9n\u00e9rales de location https:\/\/locbtob.com\/index.php\/contrat-de-location\/<\/p>\n","protected":false},"author":2,"featured_media":0,"parent":0,"menu_order":0,"comment_status":"closed","ping_status":"closed","template":"","meta":{"footnotes":""},"class_list":["post-447","page","type-page","status-publish","hentry","entry"],"_links":{"self":[{"href":"https:\/\/locbtob.com\/index.php\/wp-json\/wp\/v2\/pages\/447","targetHints":{"allow":["GET"]}}],"collection":[{"href":"https:\/\/locbtob.com\/index.php\/wp-json\/wp\/v2\/pages"}],"about":[{"href":"https:\/\/locbtob.com\/index.php\/wp-json\/wp\/v2\/types\/page"}],"author":[{"embeddable":true,"href":"https:\/\/locbtob.com\/index.php\/wp-json\/wp\/v2\/users\/2"}],"replies":[{"embeddable":true,"href":"https:\/\/locbtob.com\/index.php\/wp-json\/wp\/v2\/comments?post=447"}],"version-history":[{"count":9,"href":"https:\/\/locbtob.com\/index.php\/wp-json\/wp\/v2\/pages\/447\/revisions"}],"predecessor-version":[{"id":492,"href":"https:\/\/locbtob.com\/index.php\/wp-json\/wp\/v2\/pages\/447\/revisions\/492"}],"wp:attachment":[{"href":"https:\/\/locbtob.com\/index.php\/wp-json\/wp\/v2\/media?parent=447"}],"curies":[{"name":"wp","href":"https:\/\/api.w.org\/{rel}","templated":true}]}}